{"id":274,"date":"2019-02-05T11:26:48","date_gmt":"2019-02-05T11:26:48","guid":{"rendered":"https:\/\/agro.ninetheme.com\/?page_id=274"},"modified":"2026-05-08T15:22:19","modified_gmt":"2026-05-08T15:22:19","slug":"produkte","status":"publish","type":"page","link":"https:\/\/www.redesign.swissradies.ch\/?page_id=274","title":{"rendered":"Produkte"},"content":{"rendered":"<div class=\"wpb-content-wrapper\">[vc_row full_width=&#8221;container-null&#8221;][vc_column agro_disable_column=&#8221;yes&#8221;]<div id=\"hero\" class=\"nt-shortcode-hero jarallax section_69fec17898e64 vc_custom_1778164694593 \" data-speed=\"0.7\" data-img-position=\"50% 80%\" data-res-css=\"          \"><div class=\"container\"><div class=\"row\"><div class=\"col-12 col-lg-7\"><h1 class=\"__title\"><span><\/span> PRODUKTE<\/h1><\/div><\/div><\/div><\/div>[\/vc_column][\/vc_row][vc_row full_width=&#8221;container-null&#8221;][vc_column agro_disable_column=&#8221;yes&#8221;]<div class=\"section item_69fec17898e91\" data-res-css=\"     \"><div class=\"container\"><div class=\"row justify-content-xl-between\"><div class=\"col-12 col-lg col-xl-7\"><h2 class=\"info-heading\">SWISSRADIES <span>PRODUKTE<\/span><\/h2><strong>Das Produkt Radieschen bildet unser Kernprodukt. Ein zweites wichtiges Produkt stellt die Verarbeitung von Bundzwiebeln dar. Im Freiland werden zudem Sellerie, Lauch und N\u00fcsslersalat angebaut.<\/strong><\/p>\n<p><strong>Wir beliefern mit unseren Produkten s\u00e4mtliche Gem\u00fcsegrossh\u00e4ndler des Seelands.<\/strong><\/p>\n<p><strong>Unsere Produkte werden nicht ab Betrieb verkauft.<\/strong><\/div><div class=\"col-12 my-3 d-lg-none\"><\/div><div class=\"col-12 col-lg-auto  text-center\"><img decoding=\"async\" src=\"https:\/\/www.redesign.swissradies.ch\/wp-content\/uploads\/2026\/05\/radischeen-1.png\" class=\"img-fluid\" alt=\"radischeen-1.png\"><\/div><\/div><\/div><\/div>[\/vc_column][\/vc_row][vc_row full_width=&#8221;container-null&#8221; css=&#8221;.vc_custom_1778248692470{margin-bottom: 100px !important;}&#8221;][vc_column agro_disable_column=&#8221;yes&#8221;][vc_single_image image=&#8221;1255&#8243; img_size=&#8221;1440&#215;55&#8243; alignment=&#8221;center&#8221; css=&#8221;&#8221;][\/vc_column][\/vc_row][vc_row full_width=&#8221;container-null&#8221;][vc_column agro_disable_column=&#8221;yes&#8221;]<div class=\"section section--no-pt section_69fec17899217\" data-res-css=\"         \"><div class=\"container-fluid\"><div class=\"products-list\"><div class=\"__item\"><div class=\"__bg\"><div data-jarallax-element=\"-140\" data-speed=\"0.4\"><img decoding=\"async\" src=\"https:\/\/www.redesign.swissradies.ch\/wp-content\/uploads\/2026\/05\/zwiebeln2.png\" class=\"img-fluid\" alt=\"zwiebeln2.png\"><\/div><\/div><div class=\"__inner\"><div class=\"row align-items-lg-center justify-content-sm-center\"><div class=\"col-12 col-md-9 col-lg-6\"><div class=\"__image\"><img decoding=\"async\" src=\"https:\/\/www.redesign.swissradies.ch\/wp-content\/uploads\/2026\/05\/Impressionen_001_neu.jpg\" class=\"img-fluid\" alt=\"Impressionen_001_neu.jpg\"><\/div><\/div><div class=\"col-12 my-3 d-lg-none\"><\/div><div class=\"col-12 col-md-9 col-lg-6\"><div class=\"__content\"><h3 class=\"__title\">RADIESCHEN<\/h3><p>Sie kommen urspr\u00fcnglich aus China und haben schon damals mit ihrem scharfen Geschmack die Menschen fasziniert. Radisli sind gesund, dies ist unbestritten. Sie helfen bei Magen-Darm-Verstimmungen und sollen sogar Krebserkrankungen vorbeugen. Ausserdem lindern sie Erk\u00e4ltungskrankheiten.\n\n \n\nIn der nachfolgenden Bildergalerie sehen Sie unser effizientes Anbausystem f\u00fcr Radieschen.\n\nDabei k\u00f6nnen Sie die Welt des Radieschens vom Samenkorn bis zum genussbereiten Produkt seh<\/p><\/div><\/div><\/div><\/div><\/div><div class=\"__item\"><div class=\"__bg\"><div data-jarallax-element=\"-140\" data-speed=\"0.4\"><img decoding=\"async\" src=\"https:\/\/www.redesign.swissradies.ch\/wp-content\/uploads\/2026\/05\/radieschen_2bg.png\" class=\"img-fluid\" alt=\"radieschen_2bg.png\"><\/div><\/div><div class=\"__inner\"><div class=\"row align-items-lg-center justify-content-sm-center\"><div class=\"col-12 col-md-9 col-lg-6\"><div class=\"__image\"><img decoding=\"async\" src=\"https:\/\/www.redesign.swissradies.ch\/wp-content\/uploads\/2026\/05\/Bundzwiebeln_002.jpg\" class=\"img-fluid\" alt=\"Bundzwiebeln_002.jpg\"><\/div><\/div><div class=\"col-12 my-3 d-lg-none\"><\/div><div class=\"col-12 col-md-9 col-lg-6\"><div class=\"__content\"><h3 class=\"__title\">BUNDZWIEBELN<\/h3><p>In unserem Freilandanbau bauen wir unter anderem auch Bundzwiebeln an.\n\nZudem kaufen wir von diversen Produzenten Rohware ein um sie zu Bundware zu verarbeiten.\n\n \n\nEntdecken Sie in der Bildergalerie unsere Bundzwiebelverarbeitung.<\/p><\/div><\/div><\/div><\/div><\/div><\/div><\/div><\/div>[\/vc_column][\/vc_row]\n<\/div>","protected":false},"excerpt":{"rendered":"<p>[vc_row full_width=&#8221;container-null&#8221;][vc_column agro_disable_column=&#8221;yes&#8221;][\/vc_column][\/vc_row][vc_row full_width=&#8221;container-null&#8221;][vc_column agro_disable_column=&#8221;yes&#8221;][\/vc_column][\/vc_row][vc_row full_width=&#8221;container-null&#8221; css=&#8221;.vc_custom_1778248692470{margin-bottom: 100px !important;}&#8221;][vc_column agro_disable_column=&#8221;yes&#8221;][vc_single_image image=&#8221;1255&#8243; img_size=&#8221;1440&#215;55&#8243; alignment=&#8221;center&#8221; css=&#8221;&#8221;][\/vc_column][\/vc_row][vc_row full_width=&#8221;container-null&#8221;][vc_column agro_disable_column=&#8221;yes&#8221;][\/vc_column][\/vc_row]<\/p>\n","protected":false},"author":1,"featured_media":0,"parent":0,"menu_order":0,"comment_status":"closed","ping_status":"closed","template":"custom-page.php","meta":{"footnotes":""},"class_list":["post-274","page","type-page","status-publish","hentry"," nt-post-class"],"_links":{"self":[{"href":"https:\/\/www.redesign.swissradies.ch\/index.php?rest_route=\/wp\/v2\/pages\/274","targetHints":{"allow":["GET"]}}],"collection":[{"href":"https:\/\/www.redesign.swissradies.ch\/index.php?rest_route=\/wp\/v2\/pages"}],"about":[{"href":"https:\/\/www.redesign.swissradies.ch\/index.php?rest_route=\/wp\/v2\/types\/page"}],"author":[{"embeddable":true,"href":"https:\/\/www.redesign.swissradies.ch\/index.php?rest_route=\/wp\/v2\/users\/1"}],"replies":[{"embeddable":true,"href":"https:\/\/www.redesign.swissradies.ch\/index.php?rest_route=%2Fwp%2Fv2%2Fcomments&post=274"}],"version-history":[{"count":12,"href":"https:\/\/www.redesign.swissradies.ch\/index.php?rest_route=\/wp\/v2\/pages\/274\/revisions"}],"predecessor-version":[{"id":1260,"href":"https:\/\/www.redesign.swissradies.ch\/index.php?rest_route=\/wp\/v2\/pages\/274\/revisions\/1260"}],"wp:attachment":[{"href":"https:\/\/www.redesign.swissradies.ch\/index.php?rest_route=%2Fwp%2Fv2%2Fmedia&parent=274"}],"curies":[{"name":"wp","href":"https:\/\/api.w.org\/{rel}","templated":true}]}}