{"id":940,"date":"2019-02-01T02:00:24","date_gmt":"2019-02-01T02:00:24","guid":{"rendered":"https:\/\/agro.ninetheme.com\/?page_id=2"},"modified":"2026-05-08T14:18:38","modified_gmt":"2026-05-08T14:18:38","slug":"home-1","status":"publish","type":"page","link":"https:\/\/www.redesign.swissradies.ch\/","title":{"rendered":"Home 1"},"content":{"rendered":"<div class=\"wpb-content-wrapper\">[vc_row][vc_column]\n\t\t\t\t<p class=\"rs-p-wp-fix\"><\/p>\n\t\t\t\t<sr7-module data-alias=\"slider-1\" data-id=\"1\" id=\"SR7_1_1\" class=\"rs-ov-hidden\" data-version=\"6.7.34\">\n\t\t\t\t\t<sr7-adjuster><\/sr7-adjuster>\n\t\t\t\t\t<sr7-content>\n\t\t\t\t\t\t<sr7-slide id=\"SR7_1_1-1\" data-key=\"1\">\n\t\t\t\t\t\t\t<sr7-txt id=\"SR7_1_1-1-2\" class=\"sr7-layer\">SELLERIE<\/sr7-txt>\n\t\t\t\t\t\t\t<sr7-txt id=\"SR7_1_1-1-3\" class=\"sr7-layer\">LAUCH<\/sr7-txt>\n\t\t\t\t\t\t\t<sr7-txt id=\"SR7_1_1-1-5\" class=\"sr7-layer\">RADIESCHEN<\/sr7-txt>\n\t\t\t\t\t\t\t<sr7-txt id=\"SR7_1_1-1-6\" class=\"sr7-layer\">N\u00dcSSLER <br \/>\nSALAT<\/sr7-txt>\n\t\t\t\t\t\t\t<sr7-txt id=\"SR7_1_1-1-8\" class=\"sr7-layer\">BUNDZWIEBELN<\/sr7-txt>\n\t\t\t\t\t\t<\/sr7-slide>\n\t\t\t\t\t\t<sr7-slide id=\"SR7_1_1-2\" data-key=\"2\">\n\t\t\t\t\t\t<\/sr7-slide>\n\t\t\t\t\t<\/sr7-content>\n\t\t\t\t<\/sr7-module>\n\t\t\t\t<script>\n\t\t\t\t\tSR7.PMH ??={}; SR7.PMH[\"SR7_1_1\"] = {cn:100,state:false,fn: function() { if (_tpt!==undefined && _tpt.prepareModuleHeight !== undefined) {  _tpt.prepareModuleHeight({id:\"SR7_1_1\",el:[900,900,900,900,349],type:'hero',shdw:'0',gh:[900,900,900,900,349],gw:[1240,1240,1240,1240,481],vpt:['-100px&#039;,&#039;-100px&#039;,&#039;-100px&#039;,&#039;-100px&#039;,&#039;-100px'],size:{fullWidth:true, fullHeight:false},mh:'0',onh:0,onw:0,bg:{color:'{\"orig\":\"transparent\",\"type\":\"solid\",\"string\":\"transparent\"}'}});   SR7.PMH[\"SR7_1_1\"].state=true;} else if(SR7.PMH[\"SR7_1_1\"].cn-->0)\tsetTimeout( SR7.PMH[\"SR7_1_1\"].fn,19);}};SR7.PMH[\"SR7_1_1\" ].fn();\n\t\t\t\t<\/script>\n[\/vc_column][\/vc_row][vc_row full_width=&#8221;container-stretch&#8221; css=&#8221;.vc_custom_1778137253511{margin-top: 100px !important;}&#8221;][vc_column agro_disable_column=&#8221;yes&#8221; css_animation=&#8221;bottom-to-top&#8221;]<div class=\"special-offer special-offer--style-1 item_69feb0d532b1b\"  data-aos=\"zoom-in\" data-aos-delay=\"600\" data-aos-offset=\"70\" data-res-css=\"  \"><h4 class=\"text text-center lazy\" data-src=\"https:\/\/www.redesign.swissradies.ch\/wp-content\/uploads\/2026\/05\/produkte.png\">WIR PRODUZIEREN UND VERARBEITEN GEM\u00dcSE F\u00dcR GROSSH\u00c4NDLER.<\/h4><\/div>[\/vc_column][\/vc_row][vc_row full_width=&#8221;container-null&#8221; agro_bg_attachment=&#8221;inherit&#8221; agro_lg_bgpos=&#8221;left&#8221; css=&#8221;.vc_custom_1778158276582{background-image: url(https:\/\/www.redesign.swissradies.ch\/wp-content\/uploads\/2026\/05\/radieschen_bg.png?id=1031) !important;background-position: center !important;background-repeat: no-repeat !important;background-size: contain !important;}&#8221;][vc_column css=&#8221;.vc_custom_1778158445825{background-position: center !important;background-repeat: no-repeat !important;background-size: contain !important;}&#8221;]<div class=\"section counter_69feb0d532e9c vc_custom_1778239779531\"><div class=\"container\"><div class=\"section-heading section-heading--center\" data-aos=\"fade\"><h3 class=\"__title\">J\u00c4HRLICHE PRODUKTION <span><\/span><\/h3><\/div><div class=\"counter\"><div class=\"__inner\"><div class=\"row justify-content-sm-center justify-content-lg-around\"><div class=\"col-12 col-sm-8 col-md-6 col-lg-5 col-xl-3\"><div class=\"__item\" data-aos=\"zoom-in\" data-aos-delay=\"350\" data-aos-offset=\"150\"><div class=\"d-table\"><div class=\"d-table-cell align-middle\"><\/div><div class=\"d-table-cell align-middle\"><p class=\"__count js-count\" data-from=\"0\" data-to=\"800\">800<\/p><p class=\"__title\">Tonnen Radieschen <\/p><\/div><\/div><\/div><\/div><div class=\"col-12 col-sm-8 col-md-6 col-lg-5 col-xl-3\"><div class=\"__item\" data-aos=\"zoom-in\" data-aos-delay=\"350\" data-aos-offset=\"300\"><div class=\"d-table\"><div class=\"d-table-cell align-middle\"><\/div><div class=\"d-table-cell align-middle\"><p class=\"__count js-count\" data-from=\"0\" data-to=\"40\">40<\/p><p class=\"__title\">Tonnen Bundzwiebeln <\/p><\/div><\/div><\/div><\/div><div class=\"col-12 col-sm-8 col-md-6 col-lg-5 col-xl-3\"><div class=\"__item\" data-aos=\"zoom-in\" data-aos-delay=\"350\" data-aos-offset=\"250\"><div class=\"d-table\"><div class=\"d-table-cell align-middle\"><\/div><div class=\"d-table-cell align-middle\"><p class=\"__count js-count\" data-from=\"0\" data-to=\"20\">20<\/p><p class=\"__title\">Tonnen Sellerie<\/p><\/div><\/div><\/div><\/div><div class=\"col-12 col-sm-8 col-md-6 col-lg-5 col-xl-3\"><div class=\"__item\" data-aos=\"zoom-in\" data-aos-delay=\"350\" data-aos-offset=\"200\"><div class=\"d-table\"><div class=\"d-table-cell align-middle\"><\/div><div class=\"d-table-cell align-middle\"><p class=\"__count js-count\" data-from=\"0\" data-to=\"15\">15<\/p><p class=\"__title\">Tonnen Lauch<\/p><\/div><\/div><\/div><\/div><div class=\"col-12 col-sm-8 col-md-6 col-lg-5 col-xl-3\"><div class=\"__item\" data-aos=\"zoom-in\" data-aos-delay=\"350\" data-aos-offset=\"200\"><div class=\"d-table\"><div class=\"d-table-cell align-middle\"><\/div><div class=\"d-table-cell align-middle\"><p class=\"__count js-count\" data-from=\"0\" data-to=\"10\">10<\/p><p class=\"__title\">Tonnen N\u00fcssler<\/p><\/div><\/div><\/div><\/div><\/div><\/div><\/div><\/div><\/div>[vc_separator color=&#8221;black&#8221; style=&#8221;shadow&#8221; el_width=&#8221;70&#8243; css=&#8221;&#8221;][\/vc_column][\/vc_row][vc_row full_width=&#8221;container-null&#8221; agro_bg_attachment=&#8221;scroll&#8221; agro_lg_bgpos=&#8221;right&#8221; css=&#8221;.vc_custom_1778225325780{margin-bottom: 0px !important;background-image: url(https:\/\/www.redesign.swissradies.ch\/wp-content\/uploads\/2026\/05\/zwiebeln.png?id=1032) !important;background-position: center !important;background-repeat: no-repeat !important;background-size: contain !important;}&#8221;][vc_column agro_disable_column=&#8221;yes&#8221;]<div class=\"section item_69feb0d532ef0\" data-res-css=\"             \"><div class=\"d-none d-lg-block bg-absolute\"><\/div><div class=\"container\"><div class=\"row align-items-center\"><div class=\"col-12 col-lg-4\"><div data-aos=\"fade-left\" data-aos-delay=\"400\" data-aos-offset=\"100\"><div class=\"section-heading\"><h2 class=\"__title\">\u00dcBER UNS <span><\/span><\/h2><\/div><p class=\"d-none d-sm-block\"><a class=\"custom-btn custom-btn--medium custom-btn--style-1\" href=\"https:\/\/www.redesign.swissradies.ch\/?page_id=238\">\u00bb Mehr Dar\u00fcber<\/a><\/p><\/div><\/div><div class=\"col-12 my-3 d-lg-none\"><\/div><div class=\"col-12 col-lg-4  text-center\"><div data-aos=\"fade-up\" data-aos-delay=\"400\" data-aos-offset=\"100\"><img decoding=\"async\" src=\"https:\/\/www.redesign.swissradies.ch\/wp-content\/uploads\/2026\/05\/radischen_uber_uns.png\" class=\"img-fluid\" alt=\"radischen_uber_uns.png\"><\/div><\/div><div class=\"col-12 my-3 d-lg-none\"><\/div><div class=\"col-12 col-lg-4\"><div data-aos=\"fade-right\" data-aos-delay=\"400\" data-aos-offset=\"100\"><p>Swissradies ist eine Gem\u00fcsebaufirma mit rund 30 Mitarbeitenden. Wir produzieren und verarbeiten vorwiegend Radieschen und Bundzwiebeln sowie Sellerie, Lauch und N\u00fcsslersalat f\u00fcr den Schweizer Detailhandel und liefern unsere Ware ausschliesslich an Grossh\u00e4ndler. Mit unserer modernen Infrastruktur sind wir in der Lage unser Produkte von der Saat bis zum fixfertig abgepackten Produkt selber zu produzieren.<\/p>\n<p class=\"d-sm-none\"><a class=\"custom-btn custom-btn--medium custom-btn--style-1\" href=\"https:\/\/www.redesign.swissradies.ch\/?page_id=238\">\u00bb Mehr Dar\u00fcber<\/a><\/p><\/div><\/div><\/div><\/div><\/div>[vc_single_image image=&#8221;1255&#8243; img_size=&#8221;1100&#215;55&#8243; alignment=&#8221;center&#8221; css=&#8221;&#8221;][\/vc_column][\/vc_row][vc_row full_width=&#8221;container-null&#8221; css=&#8221;.vc_custom_1778223928123{margin-top: 0px !important;margin-bottom: 100px !important;}&#8221;][vc_column agro_disable_column=&#8221;yes&#8221; css_animation=&#8221;zoomIn&#8221;]<div class=\"section item_69feb0d53311b\" data-res-css=\"             \"><div class=\"d-none d-lg-block bg-absolute\"><\/div><div class=\"container\"><div class=\"row align-items-center\"><div class=\"col-12 col-lg-4\"><div data-aos=\"fade-left\" data-aos-delay=\"400\" data-aos-offset=\"100\"><div class=\"section-heading\"><h2 class=\"__title\">UNSERE PRODUKTE <span><\/span><\/h2><\/div><p class=\"d-none d-sm-block\"><a class=\"custom-btn custom-btn--medium custom-btn--style-1\" href=\"https:\/\/www.redesign.swissradies.ch\/?page_id=274\">\u00bb Mehr Dar\u00fcber<\/a><\/p><\/div><\/div><div class=\"col-12 my-3 d-lg-none\"><\/div><div class=\"col-12 col-lg-4  text-center\"><div data-aos=\"fade-up\" data-aos-delay=\"400\" data-aos-offset=\"100\"><img decoding=\"async\" src=\"https:\/\/www.redesign.swissradies.ch\/wp-content\/uploads\/2026\/05\/mix.png\" class=\"img-fluid\" alt=\"mix.png\"><\/div><\/div><div class=\"col-12 my-3 d-lg-none\"><\/div><div class=\"col-12 col-lg-4\"><div data-aos=\"fade-right\" data-aos-delay=\"400\" data-aos-offset=\"100\"><p>Das Produkt Radieschen bildet unser Kernprodukt. Ein zweites wichtiges Produkt stellt die Verarbeitung von Bundzwiebeln dar. Im Freiland werden zudem Sellerie, Lauch und N\u00fcsslersalat angebaut.<\/p>\n<p>Wir beliefern mit unseren Produkten s\u00e4mtliche Gem\u00fcsegrossh\u00e4ndler des Seelands.<\/p>\n<p>Unsere Produkte werden nicht ab Betrieb verkauft.<\/p>\n<p class=\"d-sm-none\"><a class=\"custom-btn custom-btn--medium custom-btn--style-1\" href=\"https:\/\/www.redesign.swissradies.ch\/?page_id=274\">\u00bb Mehr Dar\u00fcber<\/a><\/p><\/div><\/div><\/div><\/div><\/div>[\/vc_column][\/vc_row]\n<\/div>","protected":false},"excerpt":{"rendered":"<p>[vc_row][vc_column][\/vc_column][\/vc_row][vc_row full_width=&#8221;container-stretch&#8221; css=&#8221;.vc_custom_1778137253511{margin-top: 100px !important;}&#8221;][vc_column agro_disable_column=&#8221;yes&#8221; css_animation=&#8221;bottom-to-top&#8221;][\/vc_column][\/vc_row][vc_row full_width=&#8221;container-null&#8221; agro_bg_attachment=&#8221;inherit&#8221; agro_lg_bgpos=&#8221;left&#8221; css=&#8221;.vc_custom_1778158276582{background-image: url(https:\/\/www.redesign.swissradies.ch\/wp-content\/uploads\/2026\/05\/radieschen_bg.png?id=1031) !important;background-position: center !important;background-repeat: no-repeat !important;background-size: contain !important;}&#8221;][vc_column css=&#8221;.vc_custom_1778158445825{background-position: center !important;background-repeat: no-repeat !important;background-size: contain !important;}&#8221;][vc_separator color=&#8221;black&#8221; style=&#8221;shadow&#8221; el_width=&#8221;70&#8243; css=&#8221;&#8221;][\/vc_column][\/vc_row][vc_row full_width=&#8221;container-null&#8221; agro_bg_attachment=&#8221;scroll&#8221; agro_lg_bgpos=&#8221;right&#8221; css=&#8221;.vc_custom_1778225325780{margin-bottom: 0px !important;background-image: url(https:\/\/www.redesign.swissradies.ch\/wp-content\/uploads\/2026\/05\/zwiebeln.png?id=1032) !important;background-position: center !important;background-repeat: no-repeat !important;background-size: contain !important;}&#8221;][vc_column agro_disable_column=&#8221;yes&#8221;][vc_single_image image=&#8221;1255&#8243; img_size=&#8221;1100&#215;55&#8243; alignment=&#8221;center&#8221; css=&#8221;&#8221;][\/vc_column][\/vc_row][vc_row full_width=&#8221;container-null&#8221; css=&#8221;.vc_custom_1778223928123{margin-top: 0px !important;margin-bottom: 100px !important;}&#8221;][vc_column&#8230;<\/p>\n","protected":false},"author":1,"featured_media":0,"parent":0,"menu_order":0,"comment_status":"closed","ping_status":"open","template":"custom-page.php","meta":{"footnotes":""},"class_list":["post-940","page","type-page","status-publish","hentry"," nt-post-class"],"_links":{"self":[{"href":"https:\/\/www.redesign.swissradies.ch\/index.php?rest_route=\/wp\/v2\/pages\/940","targetHints":{"allow":["GET"]}}],"collection":[{"href":"https:\/\/www.redesign.swissradies.ch\/index.php?rest_route=\/wp\/v2\/pages"}],"about":[{"href":"https:\/\/www.redesign.swissradies.ch\/index.php?rest_route=\/wp\/v2\/types\/page"}],"author":[{"embeddable":true,"href":"https:\/\/www.redesign.swissradies.ch\/index.php?rest_route=\/wp\/v2\/users\/1"}],"replies":[{"embeddable":true,"href":"https:\/\/www.redesign.swissradies.ch\/index.php?rest_route=%2Fwp%2Fv2%2Fcomments&post=940"}],"version-history":[{"count":67,"href":"https:\/\/www.redesign.swissradies.ch\/index.php?rest_route=\/wp\/v2\/pages\/940\/revisions"}],"predecessor-version":[{"id":1271,"href":"https:\/\/www.redesign.swissradies.ch\/index.php?rest_route=\/wp\/v2\/pages\/940\/revisions\/1271"}],"wp:attachment":[{"href":"https:\/\/www.redesign.swissradies.ch\/index.php?rest_route=%2Fwp%2Fv2%2Fmedia&parent=940"}],"curies":[{"name":"wp","href":"https:\/\/api.w.org\/{rel}","templated":true}]}}